{"id":107,"date":"2024-10-22T10:16:49","date_gmt":"2024-10-22T08:16:49","guid":{"rendered":"https:\/\/www.gutheiligenfelde.de\/wordpress\/?page_id=107"},"modified":"2024-10-22T10:19:48","modified_gmt":"2024-10-22T08:19:48","slug":"mitgliedschaft","status":"publish","type":"page","link":"https:\/\/www.gutheiligenfelde.de\/wordpress\/verein\/mitgliedschaft\/","title":{"rendered":"Mitgliedschaft"},"content":{"rendered":"\n<p>Mitglied werden ist nicht schwer!<\/p>\n\n\n\n<p>Wir freuen uns sehr \u00fcber Zuwachs in unseren Ch\u00f6ren und Theatergruppen. Auch eine passive Mitgliedschaft ist selbstverst\u00e4ndlich m\u00f6glich.<\/p>\n\n\n\n<p>Bei Fragen stehen unser <a href=\"https:\/\/www.gutheiligenfelde.de\/wordpress\/verein\/\" data-type=\"page\" data-id=\"58\">Vorstand<\/a>, sowie die <a href=\"https:\/\/www.gutheiligenfelde.de\/wordpress\/verein\/\" data-type=\"page\" data-id=\"58\">Sprecher\/innen<\/a> unserer Ch\u00f6re und Theatergruppen gerne zur Verf\u00fcgung.<\/p>\n\n\n\n<p><strong>Die aktuellen Mitgliedsbeitr\u00e4ge<\/strong><br>(aktive oder passive Mitgliedschaft)<\/p>\n\n\n\n<div class=\"wp-block-columns is-layout-flex wp-container-core-columns-is-layout-28f84493 wp-block-columns-is-layout-flex\">\n<div class=\"wp-block-column is-layout-flow wp-block-column-is-layout-flow\">\n<p class=\"has-medium-font-size\" style=\"margin-top:0;margin-right:0;margin-bottom:0;margin-left:0\"><strong>Kinder und Jugendliche<br><\/strong>(bis zum vollendeten 18. Lebensjahr)<\/p>\n<\/div>\n\n\n\n<div class=\"wp-block-column is-layout-flow wp-block-column-is-layout-flow\">\n<p style=\"margin-right:0;margin-left:0\"><strong>20,00\u20ac pro Jahr<\/strong><\/p>\n<\/div>\n<\/div>\n\n\n\n<div class=\"wp-block-columns is-layout-flex wp-container-core-columns-is-layout-28f84493 wp-block-columns-is-layout-flex\">\n<div class=\"wp-block-column is-layout-flow wp-block-column-is-layout-flow\">\n<p><strong>Erwachsene<\/strong><\/p>\n<\/div>\n\n\n\n<div class=\"wp-block-column is-layout-flow wp-block-column-is-layout-flow\">\n<p><strong>30,00\u20ac pro Jahr<\/strong><\/p>\n<\/div>\n<\/div>\n\n\n\n<div class=\"wp-block-columns is-layout-flex wp-container-core-columns-is-layout-28f84493 wp-block-columns-is-layout-flex\">\n<div class=\"wp-block-column is-layout-flow wp-block-column-is-layout-flow\">\n<p><strong>Ehrenmitglieder<\/strong><\/p>\n<\/div>\n\n\n\n<div class=\"wp-block-column is-layout-flow wp-block-column-is-layout-flow\">\n<p><strong>kein Beitrag<\/strong><\/p>\n<\/div>\n<\/div>\n\n\n\n<p>Die Beitr\u00e4ge werden im April des Jahres per Lastschriftverfahren eingezogen.<\/p>\n\n\n\n<div style=\"height:100px\" aria-hidden=\"true\" class=\"wp-block-spacer\"><\/div>\n\n\n\n<p><strong>Downloads:<\/strong><br><a href=\"https:\/\/www.gutheiligenfelde.de\/index_htm_files\/2022%20Beitrittserklaerung.pdf\" target=\"_blank\" rel=\"noreferrer noopener\">Beitrittserkl\u00e4rung.pdf<\/a><br><a href=\"https:\/\/www.gutheiligenfelde.de\/index_htm_files\/2018-07-23%20Satzung%20des%20GuT.pdf\" target=\"_blank\" rel=\"noreferrer noopener\">Satzung_GuT-Hlf.pdf<\/a><\/p>\n\n\n\n<p><\/p>\n","protected":false},"excerpt":{"rendered":"<p>Mitglied werden ist nicht schwer! Wir freuen uns sehr \u00fcber Zuwachs in unseren Ch\u00f6ren und Theatergruppen. Auch eine passive Mitgliedschaft ist selbstverst\u00e4ndlich m\u00f6glich. Bei Fragen stehen unser Vorstand, sowie die Sprecher\/innen unserer Ch\u00f6re und Theatergruppen gerne zur Verf\u00fcgung. Die aktuellen Mitgliedsbeitr\u00e4ge(aktive oder passive Mitgliedschaft) Kinder und Jugendliche(bis zum vollendeten 18. Lebensjahr) 20,00\u20ac pro Jahr Erwachsene [&hellip;]<\/p>\n","protected":false},"author":1,"featured_media":0,"parent":58,"menu_order":2,"comment_status":"closed","ping_status":"closed","template":"","meta":{"footnotes":""},"class_list":["post-107","page","type-page","status-publish","hentry"],"_links":{"self":[{"href":"https:\/\/www.gutheiligenfelde.de\/wordpress\/wp-json\/wp\/v2\/pages\/107","targetHints":{"allow":["GET"]}}],"collection":[{"href":"https:\/\/www.gutheiligenfelde.de\/wordpress\/wp-json\/wp\/v2\/pages"}],"about":[{"href":"https:\/\/www.gutheiligenfelde.de\/wordpress\/wp-json\/wp\/v2\/types\/page"}],"author":[{"embeddable":true,"href":"https:\/\/www.gutheiligenfelde.de\/wordpress\/wp-json\/wp\/v2\/users\/1"}],"replies":[{"embeddable":true,"href":"https:\/\/www.gutheiligenfelde.de\/wordpress\/wp-json\/wp\/v2\/comments?post=107"}],"version-history":[{"count":1,"href":"https:\/\/www.gutheiligenfelde.de\/wordpress\/wp-json\/wp\/v2\/pages\/107\/revisions"}],"predecessor-version":[{"id":108,"href":"https:\/\/www.gutheiligenfelde.de\/wordpress\/wp-json\/wp\/v2\/pages\/107\/revisions\/108"}],"up":[{"embeddable":true,"href":"https:\/\/www.gutheiligenfelde.de\/wordpress\/wp-json\/wp\/v2\/pages\/58"}],"wp:attachment":[{"href":"https:\/\/www.gutheiligenfelde.de\/wordpress\/wp-json\/wp\/v2\/media?parent=107"}],"curies":[{"name":"wp","href":"https:\/\/api.w.org\/{rel}","templated":true}]}}