{"id":2,"date":"2024-09-19T14:17:08","date_gmt":"2024-09-19T12:17:08","guid":{"rendered":"http:\/\/blog.gutheiligenfelde.de\/?page_id=2"},"modified":"2025-09-18T09:54:40","modified_gmt":"2025-09-18T07:54:40","slug":"beispiel-seite","status":"publish","type":"page","link":"https:\/\/www.gutheiligenfelde.de\/wordpress\/","title":{"rendered":"Aktuelles"},"content":{"rendered":"\n<figure class=\"wp-block-image aligncenter size-full is-resized\"><img loading=\"lazy\" decoding=\"async\" width=\"252\" height=\"56\" src=\"https:\/\/www.gutheiligenfelde.de\/wordpress\/wp-content\/uploads\/2024\/09\/Theater-Logo.jpg\" alt=\"\" class=\"wp-image-8\" style=\"width:247px;height:auto\"\/><\/figure>\n\n\n\n<figure class=\"wp-block-image size-large\"><img loading=\"lazy\" decoding=\"async\" width=\"1024\" height=\"683\" src=\"https:\/\/www.gutheiligenfelde.de\/wordpress\/wp-content\/uploads\/2025\/08\/Gruppenfoto-1024x683.jpg\" alt=\"\" class=\"wp-image-162\" srcset=\"https:\/\/www.gutheiligenfelde.de\/wordpress\/wp-content\/uploads\/2025\/08\/Gruppenfoto-1024x683.jpg 1024w, https:\/\/www.gutheiligenfelde.de\/wordpress\/wp-content\/uploads\/2025\/08\/Gruppenfoto-300x200.jpg 300w, https:\/\/www.gutheiligenfelde.de\/wordpress\/wp-content\/uploads\/2025\/08\/Gruppenfoto-768x512.jpg 768w, https:\/\/www.gutheiligenfelde.de\/wordpress\/wp-content\/uploads\/2025\/08\/Gruppenfoto.jpg 1356w\" sizes=\"auto, (max-width: 1024px) 100vw, 1024px\" \/><\/figure>\n\n\n\n<p>Die Theatergruppe des Gesang- und Theatervereins Heiligenfelde hat ein neues St\u00fcck ausgew\u00e4hlt und beginnt ab Oktober 2025 mit den Proben. Erneut wird Platt- und Hochdeutsch gesprochen.<br><br>De Hilgenfeller Theatermakers sp\u00e4lt:<\/p>\n\n\n\n<p class=\"has-text-align-center has-accent-3-color has-text-color has-link-color has-large-font-size wp-elements-1338b9c7121d9e5bb9de7f55420078f3\">Dree niege Froons f\u00f6r Wotan<\/p>\n\n\n\n<p>In diesem Jahr inszenieren die Hilgenfeller Theatermakers wieder eine flotte Kom\u00f6die. Au\u00dfergew\u00f6hnliche Charaktere, Wortwitz, skurrile Gestalten und komische Situationen garantieren einen kurzweiligen Theaterbesuch.<\/p>\n\n\n\n<p>Wie immer werden die Besucher bei den Vorstellungen mit Fr\u00fchst\u00fcck oder Kaffee und Kuchen bewirtet.<\/p>\n\n\n\n<p>Die Vorstellungen sind f\u00fcr Januar und Februar 2026\u00a0geplant. Vorstellungstermine \u00a0und \u00a0weitere \u00a0Informationen sind \u00a0\u00fcber \u00a0diesen \u00a0<a href=\"https:\/\/www.gutheiligenfelde.de\/wordpress\/theatermakers\/aktuelles-stueck\/\" data-type=\"page\" data-id=\"41\" target=\"_blank\" rel=\"noreferrer noopener\">Link<\/a>\u00a0oder \u00fcber den obigen Reiter &#8222;Theatermakers&#8220; erh\u00e4ltlich.<\/p>\n\n\n\n<div style=\"height:30px\" aria-hidden=\"true\" class=\"wp-block-spacer\"><\/div>\n\n\n\n<hr class=\"wp-block-separator alignwide has-alpha-channel-opacity\"\/>\n\n\n\n<div style=\"height:30px\" aria-hidden=\"true\" class=\"wp-block-spacer\"><\/div>\n\n\n\n<figure class=\"wp-block-image aligncenter size-full is-resized\"><img loading=\"lazy\" decoding=\"async\" width=\"335\" height=\"106\" src=\"https:\/\/www.gutheiligenfelde.de\/wordpress\/wp-content\/uploads\/2024\/09\/6572.jpg\" alt=\"\" class=\"wp-image-17\" style=\"width:237px;height:auto\" srcset=\"https:\/\/www.gutheiligenfelde.de\/wordpress\/wp-content\/uploads\/2024\/09\/6572.jpg 335w, https:\/\/www.gutheiligenfelde.de\/wordpress\/wp-content\/uploads\/2024\/09\/6572-300x95.jpg 300w\" sizes=\"auto, (max-width: 335px) 100vw, 335px\" \/><\/figure>\n\n\n\n<p>Die &nbsp;Living &nbsp;Voices &nbsp;sind &nbsp;sehr &nbsp;erfolgreich &nbsp;in &nbsp;das &nbsp;neue &nbsp;Jahr &nbsp;2024 &nbsp;gestartet.<br>So kamen unsere Auftritte bei den Theaterauff\u00fchrungen und beim Seniorennachmittag der Stadt Syke sowie das Konzert in der Felicianuskirche Kirchweyhe beim Publikum sehr gut an.<br><\/p>\n\n\n\n<p>Zur Zeit proben wir f\u00fcr das <strong>Friedenskonzert am 09.11.2024<\/strong> in der Christuskirche in Syke und vor allen Dingen f\u00fcr unser traditionelles <strong>Adventskonzert Samstag, den 30.11.2024<\/strong> in der Michaeliskirche in Heiligenfelde. Wir singen au\u00dferdem auf dem <strong>Marktplatz in Kirchweyh<\/strong>e am <strong>13.12.2024 um 18Uhr<\/strong>.<\/p>\n","protected":false},"excerpt":{"rendered":"<p>Die Theatergruppe des Gesang- und Theatervereins Heiligenfelde hat ein neues St\u00fcck ausgew\u00e4hlt und beginnt ab Oktober 2025 mit den Proben. Erneut wird Platt- und Hochdeutsch gesprochen. De Hilgenfeller Theatermakers sp\u00e4lt: Dree niege Froons f\u00f6r Wotan In diesem Jahr inszenieren die Hilgenfeller Theatermakers wieder eine flotte Kom\u00f6die. Au\u00dfergew\u00f6hnliche Charaktere, Wortwitz, skurrile Gestalten und komische Situationen garantieren [&hellip;]<\/p>\n","protected":false},"author":1,"featured_media":0,"parent":0,"menu_order":0,"comment_status":"closed","ping_status":"open","template":"","meta":{"footnotes":""},"class_list":["post-2","page","type-page","status-publish","hentry"],"_links":{"self":[{"href":"https:\/\/www.gutheiligenfelde.de\/wordpress\/wp-json\/wp\/v2\/pages\/2","targetHints":{"allow":["GET"]}}],"collection":[{"href":"https:\/\/www.gutheiligenfelde.de\/wordpress\/wp-json\/wp\/v2\/pages"}],"about":[{"href":"https:\/\/www.gutheiligenfelde.de\/wordpress\/wp-json\/wp\/v2\/types\/page"}],"author":[{"embeddable":true,"href":"https:\/\/www.gutheiligenfelde.de\/wordpress\/wp-json\/wp\/v2\/users\/1"}],"replies":[{"embeddable":true,"href":"https:\/\/www.gutheiligenfelde.de\/wordpress\/wp-json\/wp\/v2\/comments?post=2"}],"version-history":[{"count":10,"href":"https:\/\/www.gutheiligenfelde.de\/wordpress\/wp-json\/wp\/v2\/pages\/2\/revisions"}],"predecessor-version":[{"id":175,"href":"https:\/\/www.gutheiligenfelde.de\/wordpress\/wp-json\/wp\/v2\/pages\/2\/revisions\/175"}],"wp:attachment":[{"href":"https:\/\/www.gutheiligenfelde.de\/wordpress\/wp-json\/wp\/v2\/media?parent=2"}],"curies":[{"name":"wp","href":"https:\/\/api.w.org\/{rel}","templated":true}]}}