{"id":22,"date":"2024-09-19T14:51:10","date_gmt":"2024-09-19T12:51:10","guid":{"rendered":"http:\/\/blog.gutheiligenfelde.de\/?page_id=22"},"modified":"2025-08-17T21:37:15","modified_gmt":"2025-08-17T19:37:15","slug":"theatermakers","status":"publish","type":"page","link":"https:\/\/www.gutheiligenfelde.de\/wordpress\/theatermakers\/","title":{"rendered":"Theatermakers"},"content":{"rendered":"\n<div class=\"wp-block-group alignfull has-global-padding is-layout-constrained wp-container-core-group-is-layout-490fa1db wp-block-group-is-layout-constrained\" style=\"padding-top:var(--wp--preset--spacing--50);padding-right:var(--wp--preset--spacing--50);padding-bottom:var(--wp--preset--spacing--50);padding-left:var(--wp--preset--spacing--50)\">\n<div class=\"wp-block-group has-global-padding is-layout-constrained wp-container-core-group-is-layout-650790e1 wp-block-group-is-layout-constrained\">\n<figure class=\"wp-block-image size-full\"><img loading=\"lazy\" decoding=\"async\" width=\"500\" height=\"111\" src=\"https:\/\/www.gutheiligenfelde.de\/wordpress\/wp-content\/uploads\/2024\/09\/6574.jpg\" alt=\"\" class=\"wp-image-23\" srcset=\"https:\/\/www.gutheiligenfelde.de\/wordpress\/wp-content\/uploads\/2024\/09\/6574.jpg 500w, https:\/\/www.gutheiligenfelde.de\/wordpress\/wp-content\/uploads\/2024\/09\/6574-300x67.jpg 300w\" sizes=\"auto, (max-width: 500px) 100vw, 500px\" \/><\/figure>\n<\/div>\n<\/div>\n\n\n\n<div class=\"wp-block-group alignfull has-base-2-background-color has-background has-global-padding is-layout-constrained wp-container-core-group-is-layout-669513ed wp-block-group-is-layout-constrained\" style=\"margin-top:0;margin-bottom:0;padding-top:var(--wp--preset--spacing--50);padding-right:var(--wp--preset--spacing--50);padding-bottom:var(--wp--preset--spacing--50);padding-left:var(--wp--preset--spacing--50)\">\n<h2 class=\"wp-block-heading has-text-align-center is-style-asterisk\">Auf der B\u00fchne<\/h2>\n\n\n\n<div style=\"margin-top:0;margin-bottom:0;height:var(--wp--preset--spacing--40)\" aria-hidden=\"true\" class=\"wp-block-spacer\"><\/div>\n\n\n\n<div class=\"wp-block-columns alignwide is-layout-flex wp-container-core-columns-is-layout-d0bbbce0 wp-block-columns-is-layout-flex\">\n<div class=\"wp-block-column is-layout-flow wp-container-core-column-is-layout-e3d1c41b wp-block-column-is-layout-flow\">\n<h3 class=\"wp-block-heading has-text-align-center is-style-default has-body-font-family has-medium-font-size\" style=\"font-style:normal;font-weight:600\">Holger Feldermann<\/h3>\n\n\n\n<p class=\"has-text-align-center\">als Wotan<\/p>\n\n\n\n<figure class=\"wp-block-image aligncenter size-full\"><img loading=\"lazy\" decoding=\"async\" width=\"127\" height=\"170\" src=\"https:\/\/www.gutheiligenfelde.de\/wordpress\/wp-content\/uploads\/2024\/09\/holger.jpg\" alt=\"\" class=\"wp-image-24\"\/><\/figure>\n<\/div>\n\n\n\n<div class=\"wp-block-column is-layout-flow wp-container-core-column-is-layout-e3d1c41b wp-block-column-is-layout-flow\">\n<h3 class=\"wp-block-heading has-text-align-center is-style-default has-body-font-family has-medium-font-size\" style=\"font-style:normal;font-weight:600\">Gunter Nu\u00dfbaum<\/h3>\n\n\n\n<p class=\"has-text-align-center\">als Maurice<\/p>\n\n\n\n<figure class=\"wp-block-image aligncenter size-full is-resized\"><img loading=\"lazy\" decoding=\"async\" width=\"1828\" height=\"2560\" src=\"https:\/\/www.gutheiligenfelde.de\/wordpress\/wp-content\/uploads\/2024\/11\/02-scaled.jpg\" alt=\"\" class=\"wp-image-139\" style=\"width:117px\" srcset=\"https:\/\/www.gutheiligenfelde.de\/wordpress\/wp-content\/uploads\/2024\/11\/02-scaled.jpg 1828w, https:\/\/www.gutheiligenfelde.de\/wordpress\/wp-content\/uploads\/2024\/11\/02-214x300.jpg 214w, https:\/\/www.gutheiligenfelde.de\/wordpress\/wp-content\/uploads\/2024\/11\/02-731x1024.jpg 731w, https:\/\/www.gutheiligenfelde.de\/wordpress\/wp-content\/uploads\/2024\/11\/02-768x1075.jpg 768w, https:\/\/www.gutheiligenfelde.de\/wordpress\/wp-content\/uploads\/2024\/11\/02-1097x1536.jpg 1097w, https:\/\/www.gutheiligenfelde.de\/wordpress\/wp-content\/uploads\/2024\/11\/02-1463x2048.jpg 1463w\" sizes=\"auto, (max-width: 1828px) 100vw, 1828px\" \/><\/figure>\n<\/div>\n\n\n\n<div class=\"wp-block-column is-layout-flow wp-container-core-column-is-layout-e3d1c41b wp-block-column-is-layout-flow\">\n<h3 class=\"wp-block-heading has-text-align-center is-style-default has-body-font-family has-medium-font-size\" style=\"font-style:normal;font-weight:600\">Verena Vogelsang<\/h3>\n\n\n\n<p class=\"has-text-align-center\">als Emily<\/p>\n\n\n\n<figure class=\"wp-block-image aligncenter size-full is-resized\"><img loading=\"lazy\" decoding=\"async\" width=\"1828\" height=\"2560\" src=\"https:\/\/www.gutheiligenfelde.de\/wordpress\/wp-content\/uploads\/2024\/11\/03-scaled.jpg\" alt=\"\" class=\"wp-image-138\" style=\"width:117px;height:auto\" srcset=\"https:\/\/www.gutheiligenfelde.de\/wordpress\/wp-content\/uploads\/2024\/11\/03-scaled.jpg 1828w, https:\/\/www.gutheiligenfelde.de\/wordpress\/wp-content\/uploads\/2024\/11\/03-214x300.jpg 214w, https:\/\/www.gutheiligenfelde.de\/wordpress\/wp-content\/uploads\/2024\/11\/03-731x1024.jpg 731w, https:\/\/www.gutheiligenfelde.de\/wordpress\/wp-content\/uploads\/2024\/11\/03-768x1075.jpg 768w, https:\/\/www.gutheiligenfelde.de\/wordpress\/wp-content\/uploads\/2024\/11\/03-1097x1536.jpg 1097w, https:\/\/www.gutheiligenfelde.de\/wordpress\/wp-content\/uploads\/2024\/11\/03-1463x2048.jpg 1463w\" sizes=\"auto, (max-width: 1828px) 100vw, 1828px\" \/><\/figure>\n<\/div>\n<\/div>\n\n\n\n<div style=\"height:25px\" aria-hidden=\"true\" class=\"wp-block-spacer\"><\/div>\n\n\n\n<div class=\"wp-block-columns alignwide is-layout-flex wp-container-core-columns-is-layout-d0bbbce0 wp-block-columns-is-layout-flex\">\n<div class=\"wp-block-column is-layout-flow wp-container-core-column-is-layout-e3d1c41b wp-block-column-is-layout-flow\">\n<h3 class=\"wp-block-heading has-text-align-center is-style-default has-body-font-family has-medium-font-size\" style=\"font-style:normal;font-weight:600\">Sonja Schreier<\/h3>\n\n\n\n<p class=\"has-text-align-center\">als Ella<\/p>\n\n\n\n<figure class=\"wp-block-image aligncenter size-full is-resized\"><img loading=\"lazy\" decoding=\"async\" width=\"127\" height=\"170\" src=\"https:\/\/www.gutheiligenfelde.de\/wordpress\/wp-content\/uploads\/2025\/08\/Sonja-Web.jpg\" alt=\"\" class=\"wp-image-163\" style=\"width:117px\"\/><\/figure>\n<\/div>\n\n\n\n<div class=\"wp-block-column is-layout-flow wp-container-core-column-is-layout-e3d1c41b wp-block-column-is-layout-flow\">\n<h3 class=\"wp-block-heading has-text-align-center is-style-default has-body-font-family has-medium-font-size\" style=\"font-style:normal;font-weight:600\">Danny Nu\u00dfbaum<\/h3>\n\n\n\n<p class=\"has-text-align-center\">als Elke<\/p>\n\n\n\n<figure class=\"wp-block-image aligncenter size-full is-resized\"><img loading=\"lazy\" decoding=\"async\" width=\"1829\" height=\"2560\" src=\"https:\/\/www.gutheiligenfelde.de\/wordpress\/wp-content\/uploads\/2024\/11\/01-scaled.jpg\" alt=\"\" class=\"wp-image-137\" style=\"width:117px\" srcset=\"https:\/\/www.gutheiligenfelde.de\/wordpress\/wp-content\/uploads\/2024\/11\/01-scaled.jpg 1829w, https:\/\/www.gutheiligenfelde.de\/wordpress\/wp-content\/uploads\/2024\/11\/01-214x300.jpg 214w, https:\/\/www.gutheiligenfelde.de\/wordpress\/wp-content\/uploads\/2024\/11\/01-732x1024.jpg 732w, https:\/\/www.gutheiligenfelde.de\/wordpress\/wp-content\/uploads\/2024\/11\/01-768x1075.jpg 768w, https:\/\/www.gutheiligenfelde.de\/wordpress\/wp-content\/uploads\/2024\/11\/01-1097x1536.jpg 1097w, https:\/\/www.gutheiligenfelde.de\/wordpress\/wp-content\/uploads\/2024\/11\/01-1463x2048.jpg 1463w\" sizes=\"auto, (max-width: 1829px) 100vw, 1829px\" \/><\/figure>\n<\/div>\n\n\n\n<div class=\"wp-block-column is-layout-flow wp-container-core-column-is-layout-e3d1c41b wp-block-column-is-layout-flow\">\n<h3 class=\"wp-block-heading has-text-align-center is-style-default has-body-font-family has-medium-font-size\" style=\"font-style:normal;font-weight:600\">Regina Feldermann<\/h3>\n\n\n\n<p class=\"has-text-align-center\">als Sylvia<\/p>\n\n\n\n<figure class=\"wp-block-image aligncenter size-full\"><img loading=\"lazy\" decoding=\"async\" width=\"128\" height=\"170\" src=\"https:\/\/www.gutheiligenfelde.de\/wordpress\/wp-content\/uploads\/2024\/09\/regina.jpg\" alt=\"\" class=\"wp-image-25\"\/><\/figure>\n<\/div>\n<\/div>\n\n\n\n<div style=\"height:25px\" aria-hidden=\"true\" class=\"wp-block-spacer\"><\/div>\n\n\n\n<div class=\"wp-block-columns alignwide is-layout-flex wp-container-core-columns-is-layout-d0bbbce0 wp-block-columns-is-layout-flex\">\n<div class=\"wp-block-column is-layout-flow wp-container-core-column-is-layout-e3d1c41b wp-block-column-is-layout-flow\">\n<p class=\"has-text-align-center\"><strong>Bernd<\/strong> <strong>Sperling<\/strong><\/p>\n\n\n\n<p class=\"has-text-align-center\">als Hr. Schaller<\/p>\n\n\n\n<figure class=\"wp-block-image aligncenter size-full is-resized\"><img loading=\"lazy\" decoding=\"async\" width=\"117\" height=\"158\" src=\"https:\/\/www.gutheiligenfelde.de\/wordpress\/wp-content\/uploads\/2024\/09\/bernd.jpg\" alt=\"\" class=\"wp-image-29\" style=\"width:112px;height:auto\"\/><\/figure>\n<\/div>\n\n\n\n<div class=\"wp-block-column is-layout-flow wp-container-core-column-is-layout-e3d1c41b wp-block-column-is-layout-flow\">\n<h3 class=\"wp-block-heading has-text-align-center is-style-default has-body-font-family has-medium-font-size\" style=\"font-style:normal;font-weight:600\">Tom Renken<\/h3>\n\n\n\n<p class=\"has-text-align-center\">als Regie<\/p>\n\n\n\n<figure class=\"wp-block-image aligncenter size-full is-resized\"><img loading=\"lazy\" decoding=\"async\" width=\"127\" height=\"170\" src=\"https:\/\/www.gutheiligenfelde.de\/wordpress\/wp-content\/uploads\/2024\/09\/tom.jpg\" alt=\"\" class=\"wp-image-28\" style=\"width:114px;height:auto\"\/><\/figure>\n<\/div>\n<\/div>\n<\/div>\n\n\n\n<p><\/p>\n\n\n\n<div class=\"wp-block-group alignfull has-global-padding is-layout-constrained wp-container-core-group-is-layout-d89aad35 wp-block-group-is-layout-constrained\" style=\"margin-top:0;margin-bottom:0;padding-top:var(--wp--preset--spacing--50);padding-right:var(--wp--preset--spacing--50);padding-bottom:var(--wp--preset--spacing--50);padding-left:var(--wp--preset--spacing--50)\">\n<div class=\"wp-block-group alignwide has-global-padding is-layout-constrained wp-container-core-group-is-layout-19e250f3 wp-block-group-is-layout-constrained\">\n<div class=\"wp-block-group is-vertical is-content-justification-center is-layout-flex wp-container-core-group-is-layout-6329a8f3 wp-block-group-is-layout-flex\">\n<h2 class=\"wp-block-heading has-text-align-center is-style-asterisk\">Hinter der B\u00fchne<\/h2>\n\n\n\n<p class=\"has-text-align-center\"><\/p>\n\n\n\n<div class=\"wp-block-columns is-layout-flex wp-container-core-columns-is-layout-28f84493 wp-block-columns-is-layout-flex\">\n<div class=\"wp-block-column is-layout-flow wp-block-column-is-layout-flow\"><\/div>\n\n\n\n<div class=\"wp-block-column is-layout-flow wp-block-column-is-layout-flow\"><\/div>\n\n\n\n<div class=\"wp-block-column is-layout-flow wp-block-column-is-layout-flow\"><\/div>\n<\/div>\n<\/div>\n<\/div>\n\n\n\n<div class=\"wp-block-columns is-layout-flex wp-container-core-columns-is-layout-28f84493 wp-block-columns-is-layout-flex\">\n<div class=\"wp-block-column is-layout-flow wp-block-column-is-layout-flow\">\n<p class=\"has-text-align-center\">Monika Kl\u00fcck<br>-Souffleuse-<\/p>\n<\/div>\n\n\n\n<div class=\"wp-block-column is-layout-flow wp-block-column-is-layout-flow\">\n<p class=\"has-text-align-center\">Martina Schwarzer<br>-Maske-<\/p>\n<\/div>\n\n\n\n<div class=\"wp-block-column is-layout-flow wp-block-column-is-layout-flow\">\n<p class=\"has-text-align-center\">Michael Gr\u00fcnig<br>-Technik-<\/p>\n<\/div>\n<\/div>\n\n\n\n<div class=\"wp-block-columns is-layout-flex wp-container-core-columns-is-layout-28f84493 wp-block-columns-is-layout-flex\">\n<div class=\"wp-block-column is-layout-flow wp-block-column-is-layout-flow\">\n<figure class=\"wp-block-image aligncenter size-full\"><img loading=\"lazy\" decoding=\"async\" width=\"132\" height=\"173\" src=\"https:\/\/www.gutheiligenfelde.de\/wordpress\/wp-content\/uploads\/2024\/10\/9723.jpg\" alt=\"\" class=\"wp-image-126\"\/><\/figure>\n<\/div>\n\n\n\n<div class=\"wp-block-column is-layout-flow wp-block-column-is-layout-flow\">\n<figure class=\"wp-block-image aligncenter size-full\"><img loading=\"lazy\" decoding=\"async\" width=\"127\" height=\"171\" src=\"https:\/\/www.gutheiligenfelde.de\/wordpress\/wp-content\/uploads\/2024\/10\/9735.jpg\" alt=\"\" class=\"wp-image-127\"\/><\/figure>\n<\/div>\n\n\n\n<div class=\"wp-block-column is-layout-flow wp-block-column-is-layout-flow\">\n<figure class=\"wp-block-image aligncenter size-full\"><img loading=\"lazy\" decoding=\"async\" width=\"128\" height=\"170\" src=\"https:\/\/www.gutheiligenfelde.de\/wordpress\/wp-content\/uploads\/2024\/10\/8256.jpg\" alt=\"\" class=\"wp-image-128\"\/><\/figure>\n<\/div>\n<\/div>\n\n\n\n<p><\/p>\n\n\n\n<div class=\"wp-block-columns is-layout-flex wp-container-core-columns-is-layout-28f84493 wp-block-columns-is-layout-flex\">\n<div class=\"wp-block-column is-vertically-aligned-top is-layout-flow wp-block-column-is-layout-flow\">\n<p class=\"has-text-align-center\">Tina Kliesch<br>-Programmheft-<\/p>\n<\/div>\n\n\n\n<div class=\"wp-block-column is-vertically-aligned-top is-layout-flow wp-block-column-is-layout-flow\">\n<p class=\"has-text-align-center\">Elke Reitmaier<br>-Arrangement-<\/p>\n<\/div>\n\n\n\n<div class=\"wp-block-column is-vertically-aligned-top is-layout-flow wp-block-column-is-layout-flow\">\n<p class=\"has-text-align-center\">Tom Renken<br>-Moderation\/Regie-<\/p>\n<\/div>\n<\/div>\n\n\n\n<div class=\"wp-block-columns is-layout-flex wp-container-core-columns-is-layout-28f84493 wp-block-columns-is-layout-flex\">\n<div class=\"wp-block-column is-layout-flow wp-block-column-is-layout-flow\">\n<figure class=\"wp-block-image aligncenter size-full\"><img loading=\"lazy\" decoding=\"async\" width=\"128\" height=\"170\" src=\"https:\/\/www.gutheiligenfelde.de\/wordpress\/wp-content\/uploads\/2024\/09\/tina.jpg\" alt=\"\" class=\"wp-image-27\"\/><\/figure>\n<\/div>\n\n\n\n<div class=\"wp-block-column is-layout-flow wp-block-column-is-layout-flow\">\n<figure class=\"wp-block-image aligncenter size-full\"><img loading=\"lazy\" decoding=\"async\" width=\"128\" height=\"170\" src=\"https:\/\/www.gutheiligenfelde.de\/wordpress\/wp-content\/uploads\/2024\/10\/9719.jpg\" alt=\"\" class=\"wp-image-130\"\/><\/figure>\n<\/div>\n\n\n\n<div class=\"wp-block-column is-layout-flow wp-block-column-is-layout-flow\">\n<figure class=\"wp-block-image aligncenter size-full\"><img loading=\"lazy\" decoding=\"async\" width=\"127\" height=\"170\" src=\"https:\/\/www.gutheiligenfelde.de\/wordpress\/wp-content\/uploads\/2024\/09\/tom.jpg\" alt=\"\" class=\"wp-image-28\"\/><\/figure>\n<\/div>\n<\/div>\n\n\n\n<div class=\"wp-block-columns is-layout-flex wp-container-core-columns-is-layout-28f84493 wp-block-columns-is-layout-flex\">\n<div class=\"wp-block-column is-vertically-aligned-top is-layout-flow wp-block-column-is-layout-flow\">\n<p class=\"has-text-align-center\">Gunther Nu\u00dfbaum<br>-Technik\/B\u00fchnenbau-<\/p>\n<\/div>\n<\/div>\n\n\n\n<div class=\"wp-block-columns is-layout-flex wp-container-core-columns-is-layout-28f84493 wp-block-columns-is-layout-flex\">\n<div class=\"wp-block-column is-layout-flow wp-block-column-is-layout-flow\">\n<figure class=\"wp-block-image aligncenter size-full is-resized\"><img loading=\"lazy\" decoding=\"async\" width=\"1828\" height=\"2560\" src=\"https:\/\/www.gutheiligenfelde.de\/wordpress\/wp-content\/uploads\/2024\/11\/02-scaled.jpg\" alt=\"\" class=\"wp-image-139\" style=\"width:110px;height:auto\" srcset=\"https:\/\/www.gutheiligenfelde.de\/wordpress\/wp-content\/uploads\/2024\/11\/02-scaled.jpg 1828w, https:\/\/www.gutheiligenfelde.de\/wordpress\/wp-content\/uploads\/2024\/11\/02-214x300.jpg 214w, https:\/\/www.gutheiligenfelde.de\/wordpress\/wp-content\/uploads\/2024\/11\/02-731x1024.jpg 731w, https:\/\/www.gutheiligenfelde.de\/wordpress\/wp-content\/uploads\/2024\/11\/02-768x1075.jpg 768w, https:\/\/www.gutheiligenfelde.de\/wordpress\/wp-content\/uploads\/2024\/11\/02-1097x1536.jpg 1097w, https:\/\/www.gutheiligenfelde.de\/wordpress\/wp-content\/uploads\/2024\/11\/02-1463x2048.jpg 1463w\" sizes=\"auto, (max-width: 1828px) 100vw, 1828px\" \/><\/figure>\n<\/div>\n<\/div>\n<\/div>\n\n\n\n<div class=\"wp-block-group alignfull has-base-color has-contrast-background-color has-text-color has-background has-global-padding is-layout-constrained wp-container-core-group-is-layout-ef3d885c wp-block-group-is-layout-constrained\" style=\"margin-top:0;margin-bottom:0;padding-top:var(--wp--preset--spacing--60);padding-right:var(--wp--preset--spacing--60);padding-bottom:var(--wp--preset--spacing--60);padding-left:var(--wp--preset--spacing--60)\">\n<div class=\"wp-block-group has-global-padding is-layout-constrained wp-block-group-is-layout-constrained\"><\/div>\n<\/div>\n\n\n\n<p><\/p>\n","protected":false},"excerpt":{"rendered":"<p>Auf der B\u00fchne Holger Feldermann als Wotan Gunter Nu\u00dfbaum als Maurice Verena Vogelsang als Emily Sonja Schreier als Ella Danny Nu\u00dfbaum als Elke Regina Feldermann als Sylvia Bernd Sperling als Hr. Schaller Tom Renken als Regie Hinter der B\u00fchne Monika Kl\u00fcck-Souffleuse- Martina Schwarzer-Maske- Michael Gr\u00fcnig-Technik- Tina Kliesch-Programmheft- Elke Reitmaier-Arrangement- Tom Renken-Moderation\/Regie- Gunther Nu\u00dfbaum-Technik\/B\u00fchnenbau-<\/p>\n","protected":false},"author":1,"featured_media":0,"parent":0,"menu_order":0,"comment_status":"closed","ping_status":"closed","template":"","meta":{"footnotes":""},"class_list":["post-22","page","type-page","status-publish","hentry"],"_links":{"self":[{"href":"https:\/\/www.gutheiligenfelde.de\/wordpress\/wp-json\/wp\/v2\/pages\/22","targetHints":{"allow":["GET"]}}],"collection":[{"href":"https:\/\/www.gutheiligenfelde.de\/wordpress\/wp-json\/wp\/v2\/pages"}],"about":[{"href":"https:\/\/www.gutheiligenfelde.de\/wordpress\/wp-json\/wp\/v2\/types\/page"}],"author":[{"embeddable":true,"href":"https:\/\/www.gutheiligenfelde.de\/wordpress\/wp-json\/wp\/v2\/users\/1"}],"replies":[{"embeddable":true,"href":"https:\/\/www.gutheiligenfelde.de\/wordpress\/wp-json\/wp\/v2\/comments?post=22"}],"version-history":[{"count":8,"href":"https:\/\/www.gutheiligenfelde.de\/wordpress\/wp-json\/wp\/v2\/pages\/22\/revisions"}],"predecessor-version":[{"id":174,"href":"https:\/\/www.gutheiligenfelde.de\/wordpress\/wp-json\/wp\/v2\/pages\/22\/revisions\/174"}],"wp:attachment":[{"href":"https:\/\/www.gutheiligenfelde.de\/wordpress\/wp-json\/wp\/v2\/media?parent=22"}],"curies":[{"name":"wp","href":"https:\/\/api.w.org\/{rel}","templated":true}]}}