{"id":36,"date":"2024-09-19T15:09:33","date_gmt":"2024-09-19T13:09:33","guid":{"rendered":"http:\/\/blog.gutheiligenfelde.de\/?page_id=36"},"modified":"2024-09-19T15:09:33","modified_gmt":"2024-09-19T13:09:33","slug":"uebersicht-der-stuecke","status":"publish","type":"page","link":"https:\/\/www.gutheiligenfelde.de\/wordpress\/theatermakers\/uebersicht-der-stuecke\/","title":{"rendered":"\u00dcbersicht der St\u00fccke"},"content":{"rendered":"\n<p>1949\u00a0 Kopp \u00fcnner, Kopp \u00f6ver<\/p>\n\n\n\n<p>1950-1951\u00a0 De Deerns ut\u2019n Dorpkroog<\/p>\n\n\n\n<p>1952\u00a0 Bes\u00f6\u00f6k ut de Stadt<\/p>\n\n\n\n<p>1953\u00a0 Mien Mann, de fohrt to See<\/p>\n\n\n\n<p>1954\u00a0 Hans Damp ward kureert<\/p>\n\n\n\n<p>1955\u00a0 De Schelm von M\u00f6\u00f6lbrook<\/p>\n\n\n\n<p>1956\u00a0 Petrus gifft Urlaub<\/p>\n\n\n\n<p>1957\u00a0 Dat Verlegenheitskind<\/p>\n\n\n\n<p>1958\u00a0 Dat Doktorbook<\/p>\n\n\n\n<p>1959\u00a0 De leste Danz <a href=\"https:\/\/www.gutheiligenfelde.de\/index_htm_files\/1968.pdf\" target=\"_blank\" rel=\"noreferrer noopener\">de hett!<\/a><\/p>\n\n\n\n<p>1969\u00a0 Appels in Nawers Gaarn<\/p>\n\n\n\n<p>1970\u00a0 Mien Mann, de fohrt to See<\/p>\n\n\n\n<p>1971\u00a0 De Radikalkur<\/p>\n\n\n\n<p>1972\u00a0 Dat Doktorbook<\/p>\n\n\n\n<p>1973\u00a0 De vergn\u00f6\u00f6gte Tankstell<\/p>\n\n\n\n<p>1974\u00a0 Dat Horoskop<\/p>\n\n\n\n<p>1975\u00a0 Dicke Luft in R\u00f6nnekamp<\/p>\n\n\n\n<p>1976\u00a0 De l\u00fcttje Wippsteert<\/p>\n\n\n\n<p>1977\u00a0 Zwangsinquartierung<\/p>\n\n\n\n<p>1978\u00a0 Wer hett, de hett!<\/p>\n\n\n\n<p>1979\u00a0 Vadder in de Kniep (Dat Verlegenheitskind)<\/p>\n\n\n\n<p>1980\u00a0 Wie kriegt Bes\u00f6\u00f6k\u00a0 Korl Gramlich regeert<\/p>\n\n\n\n<p>1981\u00a0 De Deerns ut\u2019n Dorpkroog<\/p>\n\n\n\n<p>1982\u00a0 Alltomal S\u00fcnner<\/p>\n\n\n\n<p>1983\u00a0 Rund um Kap Horn<\/p>\n\n\n\n<p>1984\u00a0 Familie Pingel<\/p>\n\n\n\n<p>1985\u00a0 De Wunnerdoktor<\/p>\n\n\n\n<p>1986\u00a0 Twintig Deerns f\u00f6r St\u00fc\u00fcrmann Behrens<\/p>\n\n\n\n<p>1987\u00a0 TV &#8211; total verdreiht<\/p>\n\n\n\n<p>1988\u00a0 Kinner, Kinner<\/p>\n\n\n\n<p>1989\u00a0 Cowboys, Quiddjes un Matrosen<\/p>\n\n\n\n<p>1990\u00a0 Wat steiht, kost Geld<\/p>\n\n\n\n<p>1991\u00a0 Een Matjes singt nich mehr<\/p>\n\n\n\n<p>1992\u00a0 Fro Pieper l\u00e4vt gef\u00e4hrlich<\/p>\n\n\n\n<p>1993\u00a0 Mien S\u00fcster ut Rensefeld<\/p>\n\n\n\n<p>1994\u00a0 Mien Mann, de fohrt to See<\/p>\n\n\n\n<p>1995\u00a0 Een Buddel f\u00f6r Anna\u00a0 Wie kriegt Bes\u00f6\u00f6k<\/p>\n\n\n\n<p>1996\u00a0 Wind von v\u00f6rn<\/p>\n\n\n\n<p>1997\u00a0 Twee unschullige Engels<\/p>\n\n\n\n<p>1998\u00a0 Kinners, wi m\u00f6t sporn<\/p>\n\n\n\n<p>1999\u00a0 Rund um Kap Horn<\/p>\n\n\n\n<p>2000\u00a0 Morgens Fango, abends Tango<\/p>\n\n\n\n<p>2001\u00a0 Bett un Fr\u00f6hst\u00fcck<\/p>\n\n\n\n<p>2002\u00a0 Op un daal mit de Moral<\/p>\n\n\n\n<p>2003\u00a0 De Therapeutin<\/p>\n\n\n\n<p>2004\u00a0 Een Fall f\u00f6r\u2019t Himmelbett<\/p>\n\n\n\n<p>2005\u00a0 L\u00f6gen, nix as L\u00f6gen<\/p>\n\n\n\n<p>2006\u00a0 Praxis Dr. Freesemann<\/p>\n\n\n\n<p>2007\u00a0 Seh to, dat du den Dreih kriggst<\/p>\n\n\n\n<p>2008\u00a0 Een Arfschaft to\u2019n Gniggern<\/p>\n\n\n\n<p>2009\u00a0 Mien S\u00fcster ut Rensefeld<\/p>\n\n\n\n<p>2010\u00a0 Dree Fronsl\u00fc\u00fcd haut op&#8217;n Putz<\/p>\n\n\n\n<p>2011\u00a0 Nix is ok wat<\/p>\n\n\n\n<p>2012\u00a0 Kurhotel Dieksiel<\/p>\n\n\n\n<p>2013\u00a0 Aphrodites Zimmer<\/p>\n\n\n\n<p>2014\u00a0 Dat kummt allen\u00b4s anders, as du denkst<\/p>\n\n\n\n<p>2015\u00a0 Rente good, allens good<\/p>\n\n\n\n<p>2016\u00a0 Nix as Kuddelmuddel<\/p>\n\n\n\n<p>2017\u00a0 Boeing Boeing<\/p>\n\n\n\n<p>2018\u00a0 Geld verdarvt den Charakter<\/p>\n\n\n\n<p>2019  Wat steiht, k\u00f6st Geld<\/p>\n\n\n\n<p>2020Snutensnack un L\u00f6genpack<\/p>\n\n\n\n<p>2021<\/p>\n\n\n\n<p>2022<\/p>\n\n\n\n<p>2023<\/p>\n\n\n\n<p>2024 Eenmol Grand Canyon un t\u00fcr\u00fcch<\/p>\n\n\n\n<p>2025 L\u00f6gen, niks as L\u00f6gen<\/p>\n","protected":false},"excerpt":{"rendered":"<p>1949\u00a0 Kopp \u00fcnner, Kopp \u00f6ver 1950-1951\u00a0 De Deerns ut\u2019n Dorpkroog 1952\u00a0 Bes\u00f6\u00f6k ut de Stadt 1953\u00a0 Mien Mann, de fohrt to See 1954\u00a0 Hans Damp ward kureert 1955\u00a0 De Schelm von M\u00f6\u00f6lbrook 1956\u00a0 Petrus gifft Urlaub 1957\u00a0 Dat Verlegenheitskind 1958\u00a0 Dat Doktorbook 1959\u00a0 De leste Danz de hett! 1969\u00a0 Appels in Nawers Gaarn 1970\u00a0 Mien [&hellip;]<\/p>\n","protected":false},"author":1,"featured_media":0,"parent":22,"menu_order":0,"comment_status":"closed","ping_status":"closed","template":"","meta":{"footnotes":""},"class_list":["post-36","page","type-page","status-publish","hentry"],"_links":{"self":[{"href":"https:\/\/www.gutheiligenfelde.de\/wordpress\/wp-json\/wp\/v2\/pages\/36","targetHints":{"allow":["GET"]}}],"collection":[{"href":"https:\/\/www.gutheiligenfelde.de\/wordpress\/wp-json\/wp\/v2\/pages"}],"about":[{"href":"https:\/\/www.gutheiligenfelde.de\/wordpress\/wp-json\/wp\/v2\/types\/page"}],"author":[{"embeddable":true,"href":"https:\/\/www.gutheiligenfelde.de\/wordpress\/wp-json\/wp\/v2\/users\/1"}],"replies":[{"embeddable":true,"href":"https:\/\/www.gutheiligenfelde.de\/wordpress\/wp-json\/wp\/v2\/comments?post=36"}],"version-history":[{"count":1,"href":"https:\/\/www.gutheiligenfelde.de\/wordpress\/wp-json\/wp\/v2\/pages\/36\/revisions"}],"predecessor-version":[{"id":37,"href":"https:\/\/www.gutheiligenfelde.de\/wordpress\/wp-json\/wp\/v2\/pages\/36\/revisions\/37"}],"up":[{"embeddable":true,"href":"https:\/\/www.gutheiligenfelde.de\/wordpress\/wp-json\/wp\/v2\/pages\/22"}],"wp:attachment":[{"href":"https:\/\/www.gutheiligenfelde.de\/wordpress\/wp-json\/wp\/v2\/media?parent=36"}],"curies":[{"name":"wp","href":"https:\/\/api.w.org\/{rel}","templated":true}]}}