{"id":41,"date":"2024-09-19T15:22:19","date_gmt":"2024-09-19T13:22:19","guid":{"rendered":"http:\/\/blog.gutheiligenfelde.de\/?page_id=41"},"modified":"2025-08-16T13:21:13","modified_gmt":"2025-08-16T11:21:13","slug":"auffuehrungen-2025","status":"publish","type":"page","link":"https:\/\/www.gutheiligenfelde.de\/wordpress\/theatermakers\/auffuehrungen-2025\/","title":{"rendered":"Tickets und Termine"},"content":{"rendered":"\n<p>Der Vorverkauf startet am 23.11.2025 zwischen 11.00 und 13.00 Uhr im Dorfgemeinschaftshaus Heiligenfelde, Clueser Str. 40, 28857 Syke.<\/p>\n\n\n\n<p>Danach jeweils Dienstag von 19.00 \u2013 20.00 Uhr ebenfalls im Dorfgemeinschaftshaus Heiligenfelde.<\/p>\n\n\n\n<p>Telefonische Reservierung m\u00f6glich ab 24.11.2025:<br>Montag, Mittwoch und Donnerstag zwischen 19.00 und 20.00 Uhr unter 01523-5798203.<br><br>Ab dem 24.11.2025 k\u00f6nnt ihr online Karten f\u00fcr unsere Auff\u00fchrungen bei unserem Partner &#8222;YesTicket&#8220; kaufen:<\/p>\n\n\n<div class='ytp-events ytp-light'>\nIm Moment sind unsere Veranstaltungen nicht erreichbar. Versucht es bitte sp\u00e4ter noch einmal.<\/div>\n\n","protected":false},"excerpt":{"rendered":"<p>Der Vorverkauf startet am 23.11.2025 zwischen 11.00 und 13.00 Uhr im Dorfgemeinschaftshaus Heiligenfelde, Clueser Str. 40, 28857 Syke. Danach jeweils Dienstag von 19.00 \u2013 20.00 Uhr ebenfalls im Dorfgemeinschaftshaus Heiligenfelde. Telefonische Reservierung m\u00f6glich ab 24.11.2025:Montag, Mittwoch und Donnerstag zwischen 19.00 und 20.00 Uhr unter 01523-5798203. Ab dem 24.11.2025 k\u00f6nnt ihr online Karten f\u00fcr unsere Auff\u00fchrungen [&hellip;]<\/p>\n","protected":false},"author":1,"featured_media":0,"parent":22,"menu_order":0,"comment_status":"closed","ping_status":"closed","template":"","meta":{"footnotes":""},"class_list":["post-41","page","type-page","status-publish","hentry"],"_links":{"self":[{"href":"https:\/\/www.gutheiligenfelde.de\/wordpress\/wp-json\/wp\/v2\/pages\/41","targetHints":{"allow":["GET"]}}],"collection":[{"href":"https:\/\/www.gutheiligenfelde.de\/wordpress\/wp-json\/wp\/v2\/pages"}],"about":[{"href":"https:\/\/www.gutheiligenfelde.de\/wordpress\/wp-json\/wp\/v2\/types\/page"}],"author":[{"embeddable":true,"href":"https:\/\/www.gutheiligenfelde.de\/wordpress\/wp-json\/wp\/v2\/users\/1"}],"replies":[{"embeddable":true,"href":"https:\/\/www.gutheiligenfelde.de\/wordpress\/wp-json\/wp\/v2\/comments?post=41"}],"version-history":[{"count":10,"href":"https:\/\/www.gutheiligenfelde.de\/wordpress\/wp-json\/wp\/v2\/pages\/41\/revisions"}],"predecessor-version":[{"id":167,"href":"https:\/\/www.gutheiligenfelde.de\/wordpress\/wp-json\/wp\/v2\/pages\/41\/revisions\/167"}],"up":[{"embeddable":true,"href":"https:\/\/www.gutheiligenfelde.de\/wordpress\/wp-json\/wp\/v2\/pages\/22"}],"wp:attachment":[{"href":"https:\/\/www.gutheiligenfelde.de\/wordpress\/wp-json\/wp\/v2\/media?parent=41"}],"curies":[{"name":"wp","href":"https:\/\/api.w.org\/{rel}","templated":true}]}}