{"id":55,"date":"2024-09-19T17:08:13","date_gmt":"2024-09-19T15:08:13","guid":{"rendered":"https:\/\/www.gutheiligenfelde.de\/wordpress\/?page_id=55"},"modified":"2026-01-13T12:45:38","modified_gmt":"2026-01-13T11:45:38","slug":"aktuelles-stueck","status":"publish","type":"page","link":"https:\/\/www.gutheiligenfelde.de\/wordpress\/theatermakers\/aktuelles-stueck\/","title":{"rendered":"Aktuelles St\u00fcck"},"content":{"rendered":"\n<figure class=\"wp-block-image aligncenter size-large\"><img loading=\"lazy\" decoding=\"async\" width=\"1024\" height=\"683\" src=\"https:\/\/www.gutheiligenfelde.de\/wordpress\/wp-content\/uploads\/2025\/08\/Werbefoto-1024x683.jpg\" alt=\"\" class=\"wp-image-164\" srcset=\"https:\/\/www.gutheiligenfelde.de\/wordpress\/wp-content\/uploads\/2025\/08\/Werbefoto-1024x683.jpg 1024w, https:\/\/www.gutheiligenfelde.de\/wordpress\/wp-content\/uploads\/2025\/08\/Werbefoto-300x200.jpg 300w, https:\/\/www.gutheiligenfelde.de\/wordpress\/wp-content\/uploads\/2025\/08\/Werbefoto-768x512.jpg 768w, https:\/\/www.gutheiligenfelde.de\/wordpress\/wp-content\/uploads\/2025\/08\/Werbefoto.jpg 1440w\" sizes=\"auto, (max-width: 1024px) 100vw, 1024px\" \/><\/figure>\n\n\n\n<p>Die Hilgenfeller Theatermakers sp\u00e4lt<br><br><strong>Dree niege Froons f\u00f6r Wotan<\/strong><br>Originaltitel: \u201eResturlaub im Ladyhort\u201c<br><br>Kom\u00f6die in drei Akten von Bernd Spehling.<br>Plattdeutsche Fassung von Wolfgang Binder<br><\/p>\n\n\n\n<p>Zum St\u00fcck:<br>Wotan ist geschockt. Seine Frau Sylvia ist weg &#8211; hat ihn verlassen. Sohn Maurice hat nichts Besseres zu tun, als ihn einfach in die freie Seniorenwohnung, der von drei v\u00f6llig unbekannten Damen dominierten Hausgemeinschaft, einzuquartieren. So beginnt ab jetzt f\u00fcr Wotan ein lustiger Rausch auf der \u00dcberholspur des Lebens im quirligen &#8222;Ladyhort&#8220;.<\/p>\n\n\n\n<p><br>Personen und Darsteller:<br>Wotan \u2013 Holger Feldermann<br>Maurice \u2013 Gunter Nu\u00dfbaum<br>Emily \u2013 Verena Vogelsang<br>Ella \u2013 Sonja Schreier<br>Elke \u2013 Danny Nu\u00dfbaum<br>Sylvia \u2013 Regina Feldermann<br>Hr. Schaller \u2013 Bernd Sperling<\/p>\n\n\n\n<p>Regie \u2013 Tom Renken<br><br><\/p>\n\n\n\n<p><strong>Die Vorstellungstermin sind:<br><\/strong><\/p>\n\n\n\n<figure class=\"wp-block-table\"><table class=\"has-fixed-layout\"><tbody><tr><td>So. 18.01.2026<\/td><td>10.30 Uhr<br>Premiere mit Fr\u00fchst\u00fcck<\/td><td>28\u20ac<\/td><\/tr><tr><td>Sa. 24.01.2026<\/td><td>10.30 Uhr<br>mit Fr\u00fchst\u00fcck<\/td><td>28\u20ac<\/td><\/tr><tr><td>So. 25.01.2026<\/td><td>10.30 Uhr<br>mit Fr\u00fchst\u00fcck<\/td><td>28\u20ac<\/td><\/tr><tr><td>So. 01.02.2026<\/td><td>10.30 Uhr<br>mit Fr\u00fchst\u00fcck<\/td><td>28\u20ac<\/td><\/tr><tr><td>Sa. 07.02.2026<\/td><td>19.00 Uhr Abendvorstellung, Open End<\/td><td>14\u20ac<\/td><\/tr><tr><td>So. 08.02.2026<\/td><td>15.00 Uhr<br>mit Kaffee und Kuchen<\/td><td>20\u20ac<\/td><\/tr><\/tbody><\/table><\/figure>\n\n\n\n<p><\/p>\n\n\n\n<p>Der Vorverkauf startet am 23.11.2025 zwischen 11.00 und 13.00 Uhr im Dorfgemeinschaftshaus Heiligenfelde, Clueser Str. 40, 28857 Syke.<\/p>\n\n\n\n<p>Danach jeweils Dienstag von 19.00 \u2013 20.00 Uhr ebenfalls im Dorfgemeinschaftshaus Heiligenfelde.<\/p>\n\n\n\n<p>Telefonische Reservierung m\u00f6glich ab 24.11.2025:<br>Montag, Mittwoch und Donnerstag zwischen 19.00 und 20.00 Uhr unter <a href=\"tel:015235798203\" target=\"_blank\" rel=\"noreferrer noopener\">01523-5798203<\/a><br>oder online unter:<br><a href=\"https:\/\/www.yesticket.org\/events\/de\/gesangs-und-theaterverein-heiligenfelde_1\" target=\"_blank\" rel=\"noreferrer noopener\">https:\/\/www.yesticket.org\/events\/de\/gesangs-und-theaterverein-heiligenfelde_1<\/a><\/p>\n\n\n\n<p><\/p>\n\n\n\n<p><\/p>\n\n\n\n<p>Bitte beachten Sie, dass Taschen, Rucks\u00e4cke und Jacken nicht mit in den Theatersaal genommen werden d\u00fcrfen. Dies gilt auch f\u00fcr Fahrradhelme und Regenschirme. <br>Warum diese Regelung? Taschen und andere Gegenst\u00e4nde, die \u00fcber die Stuhllehnen gelegt werden, oder die sich auf dem Fu\u00dfboden befinden, beeintr\u00e4chtigen den freien Fluchtweg im Notfall. Dar\u00fcber hinaus bestehen besondere Brandschutzbestimmungen die es vorsehen, dass m\u00f6glichst wenig Brandlasten in den Saal eingebracht werden. Diese Richtlinien dienen ausschlie\u00dflich der Sicherheit unserer Besucher.<br><br>Wir m\u00f6chten Sie bitten, Taschen und andere Gegenst\u00e4nde entweder gar nicht erst mitzubringen, im PKW zu lassen oder an der Garderobe abzugeben.<\/p>\n\n\n\n<p><\/p>\n","protected":false},"excerpt":{"rendered":"<p>Die Hilgenfeller Theatermakers sp\u00e4lt Dree niege Froons f\u00f6r WotanOriginaltitel: \u201eResturlaub im Ladyhort\u201c Kom\u00f6die in drei Akten von Bernd Spehling.Plattdeutsche Fassung von Wolfgang Binder Zum St\u00fcck:Wotan ist geschockt. Seine Frau Sylvia ist weg &#8211; hat ihn verlassen. Sohn Maurice hat nichts Besseres zu tun, als ihn einfach in die freie Seniorenwohnung, der von drei v\u00f6llig unbekannten [&hellip;]<\/p>\n","protected":false},"author":1,"featured_media":0,"parent":22,"menu_order":0,"comment_status":"closed","ping_status":"closed","template":"","meta":{"footnotes":""},"class_list":["post-55","page","type-page","status-publish","hentry"],"_links":{"self":[{"href":"https:\/\/www.gutheiligenfelde.de\/wordpress\/wp-json\/wp\/v2\/pages\/55","targetHints":{"allow":["GET"]}}],"collection":[{"href":"https:\/\/www.gutheiligenfelde.de\/wordpress\/wp-json\/wp\/v2\/pages"}],"about":[{"href":"https:\/\/www.gutheiligenfelde.de\/wordpress\/wp-json\/wp\/v2\/types\/page"}],"author":[{"embeddable":true,"href":"https:\/\/www.gutheiligenfelde.de\/wordpress\/wp-json\/wp\/v2\/users\/1"}],"replies":[{"embeddable":true,"href":"https:\/\/www.gutheiligenfelde.de\/wordpress\/wp-json\/wp\/v2\/comments?post=55"}],"version-history":[{"count":15,"href":"https:\/\/www.gutheiligenfelde.de\/wordpress\/wp-json\/wp\/v2\/pages\/55\/revisions"}],"predecessor-version":[{"id":178,"href":"https:\/\/www.gutheiligenfelde.de\/wordpress\/wp-json\/wp\/v2\/pages\/55\/revisions\/178"}],"up":[{"embeddable":true,"href":"https:\/\/www.gutheiligenfelde.de\/wordpress\/wp-json\/wp\/v2\/pages\/22"}],"wp:attachment":[{"href":"https:\/\/www.gutheiligenfelde.de\/wordpress\/wp-json\/wp\/v2\/media?parent=55"}],"curies":[{"name":"wp","href":"https:\/\/api.w.org\/{rel}","templated":true}]}}