{"id":91,"date":"2024-09-19T18:16:29","date_gmt":"2024-09-19T16:16:29","guid":{"rendered":"https:\/\/www.gutheiligenfelde.de\/wordpress\/?page_id=91"},"modified":"2024-10-22T10:48:41","modified_gmt":"2024-10-22T08:48:41","slug":"impressum","status":"publish","type":"page","link":"https:\/\/www.gutheiligenfelde.de\/wordpress\/impressum\/","title":{"rendered":"Impressum"},"content":{"rendered":"<h1>Impressum<\/h1>\n<h2 id=\"m46\">Diensteanbieter<\/h2>\n<p>Gesang- und Theaterverein Heiligenfelde<\/p>\n<p>Am Schwarzen Meer 11a<\/p>\n<p>28857 Syke-Heiligenfelde<\/p>\n<h2 id=\"m56\">Kontaktm\u00f6glichkeiten<\/h2>\n<p>E-Mail-Adresse: <a href=\"mailto:franz.vogel@gmail.com\">franz.vogel@gmail.com<\/a><\/p>\n<p>Telefon: 0175 49 33 056<\/p>\n<h2 id=\"m153\">Vertretungsberechtigte Personen<\/h2>\n<p>Vertretungsberechtigt: Franz Vogel<\/p>\n<h2 id=\"m151\">Register und Registernummer<\/h2>\n<p>Vereinsregister<\/p>\n<p>Gef\u00fchrt bei: Vereinsregister Walsrode <\/p>\n<p>Nummer: 110342<\/p>\n<h2 id=\"m172\">Social Media und andere Onlinepr\u00e4senzen<\/h2>\n<p>Dieses Impressum gilt auch f\u00fcr die folgenden Social-Media-Pr\u00e4senzen und Onlineprofile: <\/p>\n<p><a href=\"https:\/\/www.facebook.com\/profile.php?id=61552024996164\" target=\"_blank\" rel=\"noopener\">https:\/\/www.facebook.com\/profile.php?id=61552024996164<\/a><\/p>\n<p><a href=\"https:\/\/www.instagram.com\/theaterverein_heiligenfelde\/?hl=en\" target=\"_blank\" rel=\"noopener\">https:\/\/www.instagram.com\/theaterverein_heiligenfelde\/?hl=en<\/a><\/p>\n<p><a target=\"_blank\" rel=\"noopener\">https:\/\/www.yesticket.org\/venue\/Dorfgemeinschaftshaus-Heiligenfelde\/de\/<\/a><\/p>\n<p class=\"seal\"><a href=\"https:\/\/datenschutz-generator.de\/\" title=\"Rechtstext von Dr. Schwenke - f\u00fcr weitere Informationen bitte anklicken.\" target=\"_blank\" rel=\"noopener noreferrer nofollow\">Erstellt mit kostenlosem Datenschutz-Generator.de von Dr. Thomas Schwenke<\/a><\/p>\n","protected":false},"excerpt":{"rendered":"<p>Impressum Diensteanbieter Gesang- und Theaterverein Heiligenfelde Am Schwarzen Meer 11a 28857 Syke-Heiligenfelde Kontaktm\u00f6glichkeiten E-Mail-Adresse: franz.vogel@gmail.com Telefon: 0175 49 33 056 Vertretungsberechtigte Personen Vertretungsberechtigt: Franz Vogel Register und Registernummer Vereinsregister Gef\u00fchrt bei: Vereinsregister Walsrode Nummer: 110342 Social Media und andere Onlinepr\u00e4senzen Dieses Impressum gilt auch f\u00fcr die folgenden Social-Media-Pr\u00e4senzen und Onlineprofile: https:\/\/www.facebook.com\/profile.php?id=61552024996164 https:\/\/www.instagram.com\/theaterverein_heiligenfelde\/?hl=en https:\/\/www.yesticket.org\/venue\/Dorfgemeinschaftshaus-Heiligenfelde\/de\/ Erstellt mit [&hellip;]<\/p>\n","protected":false},"author":1,"featured_media":0,"parent":0,"menu_order":0,"comment_status":"closed","ping_status":"closed","template":"","meta":{"footnotes":""},"class_list":["post-91","page","type-page","status-publish","hentry"],"_links":{"self":[{"href":"https:\/\/www.gutheiligenfelde.de\/wordpress\/wp-json\/wp\/v2\/pages\/91","targetHints":{"allow":["GET"]}}],"collection":[{"href":"https:\/\/www.gutheiligenfelde.de\/wordpress\/wp-json\/wp\/v2\/pages"}],"about":[{"href":"https:\/\/www.gutheiligenfelde.de\/wordpress\/wp-json\/wp\/v2\/types\/page"}],"author":[{"embeddable":true,"href":"https:\/\/www.gutheiligenfelde.de\/wordpress\/wp-json\/wp\/v2\/users\/1"}],"replies":[{"embeddable":true,"href":"https:\/\/www.gutheiligenfelde.de\/wordpress\/wp-json\/wp\/v2\/comments?post=91"}],"version-history":[{"count":6,"href":"https:\/\/www.gutheiligenfelde.de\/wordpress\/wp-json\/wp\/v2\/pages\/91\/revisions"}],"predecessor-version":[{"id":117,"href":"https:\/\/www.gutheiligenfelde.de\/wordpress\/wp-json\/wp\/v2\/pages\/91\/revisions\/117"}],"wp:attachment":[{"href":"https:\/\/www.gutheiligenfelde.de\/wordpress\/wp-json\/wp\/v2\/media?parent=91"}],"curies":[{"name":"wp","href":"https:\/\/api.w.org\/{rel}","templated":true}]}}